{"id":22,"date":"2014-08-27T09:19:28","date_gmt":"2014-08-27T09:19:28","guid":{"rendered":"http:\/\/www.liberoateneo.it\/wordpress\/?page_id=22"},"modified":"2021-05-07T19:32:14","modified_gmt":"2021-05-07T19:32:14","slug":"il-cercalibro","status":"publish","type":"page","link":"https:\/\/associazionecercalibro.it\/wordpress\/about\/il-cercalibro\/","title":{"rendered":"Associazione di volontariato &#8220;Il Cercalibro&#8221;"},"content":{"rendered":"<p><strong>Perch\u00e8 ci siamo<\/strong><\/p>\n<p>Siamo un\u2019associazione di carattere socio-culturale animata esclusivamente da spirito di volontariato.<br \/>\nLo scopo primario e unico che fin dall&#8217;inizio ci ha guidato, e che ancora oggi perseguiamo, \u00e8 la crescita culturale, sociale e umana delle persone attraverso la socializzazione, lo stare insieme, la condivisione del sapere o anche della semplice curiosit\u00e0, la conoscenza del terrirorio nei suoi aspetti sociali e culturali fatti di storia, di natura, di arte, di persone.<\/p>\n<p>\u00c8 attraverso la conoscenza che possiamo comprendere e amare le persone e le cose, \u00e8 il condividere idee, pensieri, esperienze che ci rende pi\u00f9 forti e pi\u00f9 consapevoli.<\/p>\n<p>E&#8217; attraverso la consapevolezza e la conoscenza di noi stessi che possiamo esprimerci al meglio all&#8217;interno della societ\u00e0, nella creativit\u00e0, nella pace e in libert\u00e0.<\/p>\n<p><strong>La Nostra Storia<\/strong><\/p>\n<p>Il Cercalibro \u00e8 nato nel lontano 1995 a Medesano per volont\u00e0 di alcuni genitori e insegnanti con l&#8217;intento unico di collegare persone, scuola e l&#8217;ente comunale per dare al paese stimoli di crescita culturale e sociale.<\/p>\n<p>La prima cosa scaturita da questa unione, e realizzata, \u00e8 stata la fondazione della biblioteca che ancora in paese non c&#8217;era e che tuttora, funzionante con successo, \u00e8 intitolata a Sandro Pertini.<\/p>\n<p>Quello \u00e8 stato solo l&#8217;inizio, il primo mattone, e da allora di strada ne \u00e8 stata fatta tanta.<\/p>\n<p>L&#8217;associazione nel tempo, sempre cercando di interpretare le esigenze delle persone e del territorio, ha avuto una continua e forte evoluzione, sia ampliando e diversificando i propri campi di interesse, sia espandendo il territorio di influenza verso altri comuni limitrofi, sia di conseguenza organizzandosi in modo diverso a seconda delle esigenze, sempre per\u00f2 mantenendo lo stesso spirito iniziale del volontariato e le stesse finalit\u00e0 sociali.<\/p>\n<p><strong>Cosa Facciamo<\/strong><\/p>\n<p>Il Cercalibro \u00e8 l&#8217;associazione nel suo complesso, ma \u00e8 internamente organizzato in vari gruppi di lavoro suddivisi per ambito di interesse, comunque sempre tra loro integrati con continui scambi e condivisioni.<\/p>\n<p>E&#8217; attraverso questi gruppi che vengono organizzate e svolte diverse attivit\u00e0 e promossi eventi :<\/p>\n<ul>\n<li><strong>Libero Ateneo<\/strong> &#8211; corsi di divulgazione del sapere (storia, filosofia, arte ecc.), corsi di creativit\u00e0 spontanea (acquerello, pittura, fotografia, restauro del legno ecc.), conferenze.<\/li>\n<\/ul>\n<ul>\n<li><strong>Libera Musica<\/strong> &#8211; eventi musicali e concerti, promozione di musicisti del nostro territorio, ascolto.<\/li>\n<\/ul>\n<ul>\n<li><strong>Leggo anch\u2019io<\/strong> &#8211; letture rivolte ai bambini, narrazioni e animazione di libri e racconti.<\/li>\n<\/ul>\n<ul>\n<li><strong>Libera Lettura<\/strong> &#8211; condivisione di letture in biblioteca a Noceto<\/li>\n<li><strong>Libero Cammino<\/strong> &#8211; \u201ccamminate\u201d alla riscoperta dei nostri territori con le loro eccellenze e peculiarit\u00e0 gastronomiche, produttive, storiche e paesaggistiche, tracciamento sentieri.<\/li>\n<\/ul>\n<ul>\n<li><strong>Liberi Ricercatori<\/strong> \u2013 Corsi, eventi, conferenze, progetti volti alla conoscenza interiore e alla consapevolezza di se stessi.<\/li>\n<\/ul>\n","protected":false},"excerpt":{"rendered":"<p>Perch\u00e8 ci siamo Siamo un\u2019associazione di carattere socio-culturale animata esclusivamente da spirito di volontariato. Lo scopo primario e unico che fin dall&#8217;inizio ci ha guidato, e che ancora oggi perseguiamo, \u00e8 la crescita culturale, sociale e umana delle persone attraverso la socializzazione, lo stare insieme, la condivisione del sapere o anche della semplice curiosit\u00e0, la &hellip; <\/p>\n<p><a class=\"more-link btn\" href=\"https:\/\/associazionecercalibro.it\/wordpress\/about\/il-cercalibro\/\">Continua a leggere<\/a><\/p>\n","protected":false},"author":8,"featured_media":0,"parent":886,"menu_order":0,"comment_status":"closed","ping_status":"closed","template":"template-onecolumn.php","meta":{"_kadence_starter_templates_imported_post":false,"footnotes":""},"class_list":["post-22","page","type-page","status-publish","hentry","nodate","item-wrap"],"_links":{"self":[{"href":"https:\/\/associazionecercalibro.it\/wordpress\/wp-json\/wp\/v2\/pages\/22","targetHints":{"allow":["GET"]}}],"collection":[{"href":"https:\/\/associazionecercalibro.it\/wordpress\/wp-json\/wp\/v2\/pages"}],"about":[{"href":"https:\/\/associazionecercalibro.it\/wordpress\/wp-json\/wp\/v2\/types\/page"}],"author":[{"embeddable":true,"href":"https:\/\/associazionecercalibro.it\/wordpress\/wp-json\/wp\/v2\/users\/8"}],"replies":[{"embeddable":true,"href":"https:\/\/associazionecercalibro.it\/wordpress\/wp-json\/wp\/v2\/comments?post=22"}],"version-history":[{"count":11,"href":"https:\/\/associazionecercalibro.it\/wordpress\/wp-json\/wp\/v2\/pages\/22\/revisions"}],"predecessor-version":[{"id":2662,"href":"https:\/\/associazionecercalibro.it\/wordpress\/wp-json\/wp\/v2\/pages\/22\/revisions\/2662"}],"up":[{"embeddable":true,"href":"https:\/\/associazionecercalibro.it\/wordpress\/wp-json\/wp\/v2\/pages\/886"}],"wp:attachment":[{"href":"https:\/\/associazionecercalibro.it\/wordpress\/wp-json\/wp\/v2\/media?parent=22"}],"curies":[{"name":"wp","href":"https:\/\/api.w.org\/{rel}","templated":true}]}}